{"id":6149,"date":"2022-05-23T14:51:43","date_gmt":"2022-05-23T12:51:43","guid":{"rendered":"https:\/\/innowac.com\/?page_id=6149"},"modified":"2022-06-07T12:50:25","modified_gmt":"2022-06-07T10:50:25","slug":"chlordioxid-erzeugung","status":"publish","type":"page","link":"https:\/\/innowac.com\/en\/technik\/chlordioxid-erzeugung\/","title":{"rendered":"Chlordioxid-Erzeugung"},"content":{"rendered":"<section class=\"wpb-content-wrapper\"><p>[vc_row full_width=&#8221;stretch_row&#8221; css=&#8221;.vc_custom_1642601040736{padding-top: 50px !important;padding-bottom: 0px !important;background-position: center !important;background-repeat: no-repeat !important;background-size: cover !important;}&#8221; el_class=&#8221;clearfix&#8221;][vc_column css=&#8221;.vc_custom_1525953377619{padding-right: 60px !important;}&#8221;]<h1 style=\"text-align:left;\" class=\"ts-custom-heading \" >Chlordioxid-Erzeugung<\/h1>\n[\/vc_column][\/vc_row][vc_row full_width=&#8221;stretch_row&#8221; css=&#8221;.vc_custom_1642577044055{padding-bottom: 0px !important;background-position: center !important;background-repeat: no-repeat !important;background-size: cover !important;}&#8221;][vc_column css=&#8221;.vc_custom_1525953377619{padding-right: 60px !important;}&#8221;][vc_column_text]Mit Innowac DiOxide steht jetzt ein sicheres und wirtschaftliches Verfahren zur Verf\u00fcgung, das zur Herstellung und Anwendung einer gebrauchsfertigen 0,3 %igen Chlordioxid-L\u00f6sung eingesetzt werden kann.<\/p>\n<p>Um das hocheffektive Biozid Chlordioxid herzustellen, nutzt Innowac DiOxide die Einsatzstoffe Schwefels\u00e4ure und Natriumhypochlorit und setzt diese durch den Zusatz des katalytischen Wirkstoffgemisch Innodox Kat zu Chlordioxid um. Schwefels\u00e4ure und Natriumhypochlorit sind in vielen Betrieben schon vorhanden und werden dort bereits zur K\u00fchlwasserkonditionierung genutzt. Gleichzeitig wird der Einsatz der sonst \u00fcblichen korrosiven Salzs\u00e4ure vermieden.<\/p>\n<p><a href=\"https:\/\/innowac.envirochemie.com\/?page_id=3935\">&gt;&gt; Fordern Sie unsere Brosch\u00fcre zur Chlordioxiderzeugung an.<\/a>[\/vc_column_text][\/vc_column][\/vc_row][vc_row][vc_column][vc_empty_space height=&#8221;15px&#8221;][\/vc_column][\/vc_row]<\/p>\n<\/section>","protected":false},"excerpt":{"rendered":"<p>[vc_row full_width=&#8221;stretch_row&#8221; css=&#8221;.vc_custom_1642601040736{padding-top: 50px !important;padding-bottom: 0px !important;background-position: center !important;background-repeat: no-repeat !important;background-size: cover !important;}&#8221; el_class=&#8221;clearfix&#8221;][vc_column css=&#8221;.vc_custom_1525953377619{padding-right: 60px !important;}&#8221;][\/vc_column][\/vc_row][vc_row full_width=&#8221;stretch_row&#8221; css=&#8221;.vc_custom_1642577044055{padding-bottom: 0px !important;background-position: center !important;background-repeat: no-repeat !important;background-size: cover !important;}&#8221;][vc_column css=&#8221;.vc_custom_1525953377619{padding-right: 60px !important;}&#8221;][vc_column_text]Mit Innowac DiOxide steht jetzt ein sicheres und wirtschaftliches Verfahren zur Verf\u00fcgung, das zur Herstellung und Anwendung einer gebrauchsfertigen 0,3 %igen Chlordioxid-L\u00f6sung eingesetzt werden kann. Um &hellip; <a href=\"https:\/\/innowac.com\/en\/technik\/chlordioxid-erzeugung\/\" class=\"more-link\">Continue reading <span class=\"screen-reader-text\">Chlordioxid-Erzeugung<\/span><\/a><\/p>\n","protected":false},"author":1,"featured_media":0,"parent":6226,"menu_order":21,"comment_status":"closed","ping_status":"closed","template":"","meta":{"footnotes":""},"class_list":["post-6149","page","type-page","status-publish","hentry"],"_links":{"self":[{"href":"https:\/\/innowac.com\/en\/wp-json\/wp\/v2\/pages\/6149","targetHints":{"allow":["GET"]}}],"collection":[{"href":"https:\/\/innowac.com\/en\/wp-json\/wp\/v2\/pages"}],"about":[{"href":"https:\/\/innowac.com\/en\/wp-json\/wp\/v2\/types\/page"}],"author":[{"embeddable":true,"href":"https:\/\/innowac.com\/en\/wp-json\/wp\/v2\/users\/1"}],"replies":[{"embeddable":true,"href":"https:\/\/innowac.com\/en\/wp-json\/wp\/v2\/comments?post=6149"}],"version-history":[{"count":2,"href":"https:\/\/innowac.com\/en\/wp-json\/wp\/v2\/pages\/6149\/revisions"}],"predecessor-version":[{"id":6151,"href":"https:\/\/innowac.com\/en\/wp-json\/wp\/v2\/pages\/6149\/revisions\/6151"}],"up":[{"embeddable":true,"href":"https:\/\/innowac.com\/en\/wp-json\/wp\/v2\/pages\/6226"}],"wp:attachment":[{"href":"https:\/\/innowac.com\/en\/wp-json\/wp\/v2\/media?parent=6149"}],"curies":[{"name":"wp","href":"https:\/\/api.w.org\/{rel}","templated":true}]}}