{"id":6174,"date":"2022-05-23T13:51:28","date_gmt":"2022-05-23T11:51:28","guid":{"rendered":"https:\/\/innowac.com\/?page_id=6174"},"modified":"2022-06-07T13:56:47","modified_gmt":"2022-06-07T11:56:47","slug":"mission-and-values","status":"publish","type":"page","link":"https:\/\/innowac.com\/en\/company\/mission-and-values\/","title":{"rendered":"Our mission and values"},"content":{"rendered":"<section class=\"wpb-content-wrapper\"><p>[vc_row full_width=&#8221;stretch_row&#8221; css=&#8221;.vc_custom_1642601040736{padding-top: 50px !important;padding-bottom: 0px !important;background-position: center !important;background-repeat: no-repeat !important;background-size: cover !important;}&#8221; el_class=&#8221;clearfix&#8221;][vc_column css=&#8221;.vc_custom_1525953377619{padding-right: 60px !important;}&#8221;]<h1 style=\"text-align:left;\" class=\"ts-custom-heading \" >Our mission and values<\/h1>\n[\/vc_column][\/vc_row][vc_row full_width=&#8221;stretch_row&#8221; css=&#8221;.vc_custom_1642577044055{padding-bottom: 0px !important;background-position: center !important;background-repeat: no-repeat !important;background-size: cover !important;}&#8221;][vc_column css=&#8221;.vc_custom_1525953377619{padding-right: 60px !important;}&#8221;][vc_column_text]<\/p>\n<h3>Unsere Mission<\/h3>\n<p>Wir erm\u00f6glichen die nachhaltige und effiziente Nutzung von Wasser.<br \/>\nDurch ganzheitliche L\u00f6sungen st\u00e4rken wir Unternehmen und sch\u00fctzen das Leben von Mensch und Natur.<\/p>\n<h3>Unsere Werte<\/h3>\n<p><strong>Nachhaltigkeit<\/strong><br \/>\nWir bieten nachhaltige und effiziente L\u00f6sungen, Anlagen und Dienstleistungen, um die Herausforderungen der Wasser- und Abwasseraufbereitung zu bew\u00e4ltigen und die Umwelt und die Wasserressourcen f\u00fcr zuk\u00fcnftige Generationen zu sch\u00fctzen und zu erhalten.<\/p>\n<p><strong>Neugierde<\/strong><br \/>\nWir sind offen f\u00fcr innovative und &#8220;unkonventionelle&#8221; L\u00f6sungen und neue Denkans\u00e4tze, die mit unserer Mission \u00fcbereinstimmen.<\/p>\n<p><strong>Integrit\u00e4t<\/strong><br \/>\nWir erf\u00fcllen die h\u00f6chsten ethischen Standards. Wir \u00fcbernehmen die volle Verantwortung f\u00fcr unsere Verpflichtungen und ermutigen andere, ihre einzuhalten. Wir sind transparent, vertrauensw\u00fcrdig, fair und ehrlich.<\/p>\n<p><strong>Miteinander<\/strong><br \/>\nWir geben unser Bestes, vermeiden Egos und arbeiten mit Empathie und Vertrauen daran, gemeinsam Gro\u00dfartiges zu leisten.<\/p>\n<p><strong>Herzlichkeit<\/strong><br \/>\nWir begr\u00fc\u00dfen alles, was uns menschlich macht.[\/vc_column_text][\/vc_column][\/vc_row][vc_row full_width=&#8221;stretch_row&#8221; css=&#8221;.vc_custom_1528110103945{padding-top: 20px !important;padding-bottom: 30px !important;}&#8221;][vc_column][\/vc_column][\/vc_row][vc_row][vc_column][vc_empty_space height=&#8221;15px&#8221;][\/vc_column][\/vc_row]<\/p>\n<\/section>","protected":false},"excerpt":{"rendered":"<p>[vc_row full_width=&#8221;stretch_row&#8221; css=&#8221;.vc_custom_1642601040736{padding-top: 50px !important;padding-bottom: 0px !important;background-position: center !important;background-repeat: no-repeat !important;background-size: cover !important;}&#8221; el_class=&#8221;clearfix&#8221;][vc_column css=&#8221;.vc_custom_1525953377619{padding-right: 60px !important;}&#8221;][\/vc_column][\/vc_row][vc_row full_width=&#8221;stretch_row&#8221; css=&#8221;.vc_custom_1642577044055{padding-bottom: 0px !important;background-position: center !important;background-repeat: no-repeat !important;background-size: cover !important;}&#8221;][vc_column css=&#8221;.vc_custom_1525953377619{padding-right: 60px !important;}&#8221;][vc_column_text] Unsere Mission Wir erm\u00f6glichen die nachhaltige und effiziente Nutzung von Wasser. Durch ganzheitliche L\u00f6sungen st\u00e4rken wir Unternehmen und sch\u00fctzen das Leben von Mensch und Natur. &hellip; <a href=\"https:\/\/innowac.com\/en\/company\/mission-and-values\/\" class=\"more-link\">Continue reading <span class=\"screen-reader-text\">Our mission and values<\/span><\/a><\/p>\n","protected":false},"author":1,"featured_media":0,"parent":6131,"menu_order":21,"comment_status":"closed","ping_status":"closed","template":"","meta":{"footnotes":""},"class_list":["post-6174","page","type-page","status-publish","hentry"],"_links":{"self":[{"href":"https:\/\/innowac.com\/en\/wp-json\/wp\/v2\/pages\/6174","targetHints":{"allow":["GET"]}}],"collection":[{"href":"https:\/\/innowac.com\/en\/wp-json\/wp\/v2\/pages"}],"about":[{"href":"https:\/\/innowac.com\/en\/wp-json\/wp\/v2\/types\/page"}],"author":[{"embeddable":true,"href":"https:\/\/innowac.com\/en\/wp-json\/wp\/v2\/users\/1"}],"replies":[{"embeddable":true,"href":"https:\/\/innowac.com\/en\/wp-json\/wp\/v2\/comments?post=6174"}],"version-history":[{"count":2,"href":"https:\/\/innowac.com\/en\/wp-json\/wp\/v2\/pages\/6174\/revisions"}],"predecessor-version":[{"id":6176,"href":"https:\/\/innowac.com\/en\/wp-json\/wp\/v2\/pages\/6174\/revisions\/6176"}],"up":[{"embeddable":true,"href":"https:\/\/innowac.com\/en\/wp-json\/wp\/v2\/pages\/6131"}],"wp:attachment":[{"href":"https:\/\/innowac.com\/en\/wp-json\/wp\/v2\/media?parent=6174"}],"curies":[{"name":"wp","href":"https:\/\/api.w.org\/{rel}","templated":true}]}}