{"id":6245,"date":"2022-01-20T10:08:42","date_gmt":"2022-01-20T09:08:42","guid":{"rendered":"https:\/\/innowac.com\/?page_id=6245"},"modified":"2022-06-08T15:09:37","modified_gmt":"2022-06-08T13:09:37","slug":"emulsionsspaltung","status":"publish","type":"page","link":"https:\/\/innowac.com\/en\/solutions\/emulsionsspaltung\/","title":{"rendered":"Emulsionsspaltung"},"content":{"rendered":"<section class=\"wpb-content-wrapper\"><p>[vc_row full_width=&#8221;stretch_row&#8221; css=&#8221;.vc_custom_1642601040736{padding-top: 50px !important;padding-bottom: 0px !important;background-position: center !important;background-repeat: no-repeat !important;background-size: cover !important;}&#8221; el_class=&#8221;clearfix&#8221;][vc_column css=&#8221;.vc_custom_1525953377619{padding-right: 60px !important;}&#8221;]<h1 style=\"text-align:left;\" class=\"ts-custom-heading \" >Spaltung und Trennung<\/h1>\n[\/vc_column][\/vc_row][vc_row full_width=&#8221;stretch_row&#8221; css=&#8221;.vc_custom_1642577044055{padding-bottom: 0px !important;background-position: center !important;background-repeat: no-repeat !important;background-size: cover !important;}&#8221;][vc_column css=&#8221;.vc_custom_1525953377619{padding-right: 60px !important;}&#8221;][vc_column_text]Zur Spaltung und Trennung von \u00d6l-in-Wasser- und Wasser-in-\u00d6l-Emuslsionen stehen Ihnen mit der Innowac eine gro\u00dfe Anzahl von Emulsionsspaltern zur Verf\u00fcgung. Diese werden f\u00fcr jeden Anwendungsfall durch spezielle Untersuchungen selektiert bzw. speziell auf die Anwendungsproblematik formuliert.<\/p>\n<p>So kann f\u00fcr jedes Emulsionsproblem der optimale Emulsionsspalter angewendet werden.[\/vc_column_text][\/vc_column][\/vc_row][vc_row full_width=&#8221;stretch_row&#8221; css=&#8221;.vc_custom_1528110103945{padding-top: 20px !important;padding-bottom: 30px !important;}&#8221;][vc_column][\/vc_column][\/vc_row][vc_row][vc_column][vc_empty_space height=&#8221;15px&#8221;][\/vc_column][\/vc_row]<\/p>\n<\/section>","protected":false},"excerpt":{"rendered":"<p>[vc_row full_width=&#8221;stretch_row&#8221; css=&#8221;.vc_custom_1642601040736{padding-top: 50px !important;padding-bottom: 0px !important;background-position: center !important;background-repeat: no-repeat !important;background-size: cover !important;}&#8221; el_class=&#8221;clearfix&#8221;][vc_column css=&#8221;.vc_custom_1525953377619{padding-right: 60px !important;}&#8221;][\/vc_column][\/vc_row][vc_row full_width=&#8221;stretch_row&#8221; css=&#8221;.vc_custom_1642577044055{padding-bottom: 0px !important;background-position: center !important;background-repeat: no-repeat !important;background-size: cover !important;}&#8221;][vc_column css=&#8221;.vc_custom_1525953377619{padding-right: 60px !important;}&#8221;][vc_column_text]Zur Spaltung und Trennung von \u00d6l-in-Wasser- und Wasser-in-\u00d6l-Emuslsionen stehen Ihnen mit der Innowac eine gro\u00dfe Anzahl von Emulsionsspaltern zur Verf\u00fcgung. Diese werden f\u00fcr jeden Anwendungsfall durch &hellip; <a href=\"https:\/\/innowac.com\/en\/solutions\/emulsionsspaltung\/\" class=\"more-link\">Continue reading <span class=\"screen-reader-text\">Emulsionsspaltung<\/span><\/a><\/p>\n","protected":false},"author":1,"featured_media":0,"parent":6238,"menu_order":21,"comment_status":"closed","ping_status":"closed","template":"","meta":{"footnotes":""},"class_list":["post-6245","page","type-page","status-publish","hentry"],"_links":{"self":[{"href":"https:\/\/innowac.com\/en\/wp-json\/wp\/v2\/pages\/6245","targetHints":{"allow":["GET"]}}],"collection":[{"href":"https:\/\/innowac.com\/en\/wp-json\/wp\/v2\/pages"}],"about":[{"href":"https:\/\/innowac.com\/en\/wp-json\/wp\/v2\/types\/page"}],"author":[{"embeddable":true,"href":"https:\/\/innowac.com\/en\/wp-json\/wp\/v2\/users\/1"}],"replies":[{"embeddable":true,"href":"https:\/\/innowac.com\/en\/wp-json\/wp\/v2\/comments?post=6245"}],"version-history":[{"count":2,"href":"https:\/\/innowac.com\/en\/wp-json\/wp\/v2\/pages\/6245\/revisions"}],"predecessor-version":[{"id":6247,"href":"https:\/\/innowac.com\/en\/wp-json\/wp\/v2\/pages\/6245\/revisions\/6247"}],"up":[{"embeddable":true,"href":"https:\/\/innowac.com\/en\/wp-json\/wp\/v2\/pages\/6238"}],"wp:attachment":[{"href":"https:\/\/innowac.com\/en\/wp-json\/wp\/v2\/media?parent=6245"}],"curies":[{"name":"wp","href":"https:\/\/api.w.org\/{rel}","templated":true}]}}