{"id":6248,"date":"2022-01-20T09:51:30","date_gmt":"2022-01-20T08:51:30","guid":{"rendered":"https:\/\/innowac.com\/?page_id=6248"},"modified":"2022-06-08T15:22:40","modified_gmt":"2022-06-08T13:22:40","slug":"kesselwasser","status":"publish","type":"page","link":"https:\/\/innowac.com\/en\/solutions\/kesselwasser\/","title":{"rendered":"Kesselwasser"},"content":{"rendered":"<section class=\"wpb-content-wrapper\"><p>[vc_row full_width=&#8221;stretch_row&#8221; css=&#8221;.vc_custom_1642601040736{padding-top: 50px !important;padding-bottom: 0px !important;background-position: center !important;background-repeat: no-repeat !important;background-size: cover !important;}&#8221; el_class=&#8221;clearfix&#8221;][vc_column css=&#8221;.vc_custom_1525953377619{padding-right: 60px !important;}&#8221;]<h1 style=\"text-align:left;\" class=\"ts-custom-heading \" >Kesselwasserbehandlung<\/h1>\n[\/vc_column][\/vc_row][vc_row full_width=&#8221;stretch_row&#8221; css=&#8221;.vc_custom_1642577044055{padding-bottom: 0px !important;background-position: center !important;background-repeat: no-repeat !important;background-size: cover !important;}&#8221;][vc_column css=&#8221;.vc_custom_1525953377619{padding-right: 60px !important;}&#8221;][vc_column_text]Innowac can meet all these requirements in terms of conditioning agents, the service rendered and the know-how of the engineers in the field. In addition to a great number of suitable treatment chemicals for the sectors of feeding water, boiler water, steam and condensate, Innowac has computer programs at its disposal for the determination of the optimum boiler operation, which are applied when the customer starts with our service.[\/vc_column_text][\/vc_column][\/vc_row][vc_row full_width=&#8221;stretch_row&#8221; css=&#8221;.vc_custom_1528110103945{padding-top: 20px !important;padding-bottom: 30px !important;}&#8221;][vc_column][vc_tta_accordion style=&#8221;outline&#8221; c_icon=&#8221;chevron&#8221; c_position=&#8221;right&#8221; active_section=&#8221;1&#8243;][vc_tta_section title=&#8221;Kessel H\u00e4rtestabilisatoren \/ Dispergatoren&#8221; tab_id=&#8221;1528104950876-687db9d5-5ae0&#8243;][vc_column_text css=&#8221;.vc_custom_1642674092467{padding-top: 10px !important;padding-bottom: 0px !important;}&#8221;]F\u00fcr den Bereich der Kesselw\u00e4sser und Dampferzeuger ist ein belagfreier Betrieb der Anlage von entscheidender Bedeutung. Ablagerungen auf diesen Aggregaten f\u00fchren zu Leistungsminderungen und Anlagensch\u00e4den. Durch den Einsatz moderner und phosphatfreier Stabilisatoren\/Dispergatoren k\u00f6nnen H\u00e4rtebildner sicher stabilisiert und andere Feststoffe dispergiert werden. Ein belagfreier Betrieb kann somit die maximal m\u00f6glichen Eindickungen gew\u00e4hrleisten.[\/vc_column_text][vc_row_inner css=&#8221;.vc_custom_1524999062760{margin-top: 5px !important;margin-right: 0px !important;margin-left: 0px !important;}&#8221;][vc_column_inner width=&#8221;2\/12&#8243; css=&#8221;.vc_custom_1524998704455{padding-right: 0px !important;padding-left: 0px !important;}&#8221;][vc_single_image image=&#8221;5694&#8243; img_size=&#8221;180*160&#8243; css=&#8221;.vc_custom_1642602256571{margin-bottom: 0px !important;padding-top: 10px !important;}&#8221;][\/vc_column_inner][vc_column_inner width=&#8221;10\/12&#8243;][vc_column_text css=&#8221;.vc_custom_1642674117228{margin-bottom: 0px !important;}&#8221;]<strong>Kesselh\u00e4rtestabilisator- und Dispergatorprogramme:<\/strong><\/p>\n<ul>\n<li>Phosphatfreie Inhibitoren zur schlammfreien Fahrweise<\/li>\n<li>Gepr\u00fcfte Programme mit Kesselsteingegenmittel Nummer<\/li>\n<li>FDA zugelassene Produkte<\/li>\n<li>Produkte mit Koscher-Zertifikat<\/li>\n<\/ul>\n<p>[\/vc_column_text][\/vc_column_inner][\/vc_row_inner][vc_empty_space][vc_row_inner css=&#8221;.vc_custom_1524999062760{margin-top: 5px !important;margin-right: 0px !important;margin-left: 0px !important;}&#8221;][vc_column_inner width=&#8221;2\/12&#8243; css=&#8221;.vc_custom_1524998704455{padding-right: 0px !important;padding-left: 0px !important;}&#8221;][vc_single_image image=&#8221;5694&#8243; img_size=&#8221;180*160&#8243; css=&#8221;.vc_custom_1642602256571{margin-bottom: 0px !important;padding-top: 10px !important;}&#8221;][\/vc_column_inner][vc_column_inner width=&#8221;10\/12&#8243;][vc_column_text css=&#8221;.vc_custom_1642674150976{margin-bottom: 0px !important;}&#8221;]<strong>Einsatzgebiete:<\/strong><\/p>\n<ul>\n<li>Kesselanlagen bis 84 bar<\/li>\n<li>Dampferzeuger bis 84 bar<\/li>\n<li>Hei\u00dfwassersysteme<\/li>\n<li>Heizungssysteme<\/li>\n<\/ul>\n<p>[\/vc_column_text][\/vc_column_inner][\/vc_row_inner][\/vc_tta_section][vc_tta_section title=&#8221;Sauerstoffbindemittel&#8221; tab_id=&#8221;1642602559863-6dc4e3e7-dac9&#8243;][vc_column_text css=&#8221;.vc_custom_1642674187985{padding-top: 10px !important;padding-bottom: 0px !important;}&#8221;]In vielen Bereichen der Industrie ist es zwingend notwendig den Sauerstoff in den Wasser f\u00fchrenden Systemen oder Prozessbereichen sicher und schnell zu binden oder zu reduzieren. Dieses geschieht vor allem aus Gr\u00fcnden des Anlagen- und Korrosionsschutzes. Mit der Innowac verf\u00fcgen Sie \u00fcber eine Vielzahl verschiedener Sauerstoffbindemittel f\u00fcr die unterschiedlichen Einsatzbereiche. Hierbei legen wir aus Gr\u00fcnden der Arbeitssicherheit besonderen Wert auf den Einsatz m\u00f6glichst unbedenklicher Substanzen.[\/vc_column_text][vc_row_inner css=&#8221;.vc_custom_1524999062760{margin-top: 5px !important;margin-right: 0px !important;margin-left: 0px !important;}&#8221;][vc_column_inner width=&#8221;2\/12&#8243; css=&#8221;.vc_custom_1524998704455{padding-right: 0px !important;padding-left: 0px !important;}&#8221;][vc_single_image image=&#8221;5694&#8243; img_size=&#8221;180*160&#8243; css=&#8221;.vc_custom_1642602256571{margin-bottom: 0px !important;padding-top: 10px !important;}&#8221;][\/vc_column_inner][vc_column_inner width=&#8221;10\/12&#8243;][vc_column_text css=&#8221;.vc_custom_1642674214195{margin-bottom: 0px !important;}&#8221;]<strong>Sauerstoffbindemittel auf Basis von:<\/strong><\/p>\n<ul>\n<li>Ascorbaten ( Derivate des Vitamin C)<\/li>\n<li>Aminen<\/li>\n<li>Organischen Sauerstoffbindemitteln<\/li>\n<li>Mischprodukten<\/li>\n<li>Sulfit<\/li>\n<\/ul>\n<p>[\/vc_column_text][\/vc_column_inner][\/vc_row_inner][vc_empty_space][vc_row_inner css=&#8221;.vc_custom_1524999062760{margin-top: 5px !important;margin-right: 0px !important;margin-left: 0px !important;}&#8221;][vc_column_inner width=&#8221;2\/12&#8243; css=&#8221;.vc_custom_1524998704455{padding-right: 0px !important;padding-left: 0px !important;}&#8221;][vc_single_image image=&#8221;5694&#8243; img_size=&#8221;180*160&#8243; css=&#8221;.vc_custom_1642602256571{margin-bottom: 0px !important;padding-top: 10px !important;}&#8221;][\/vc_column_inner][vc_column_inner width=&#8221;10\/12&#8243;][vc_column_text css=&#8221;.vc_custom_1642674248255{margin-bottom: 0px !important;}&#8221;]<strong>Einsatzgebiete:<\/strong><\/p>\n<ul>\n<li>Dampferzeugersysteme<\/li>\n<li>Hei\u00dfwassersysteme<\/li>\n<li>Fernw\u00e4rmeanlagen<\/li>\n<li>Prozesswassersysteme<\/li>\n<li>Speise- und Kesselwasser<\/li>\n<li>Heizungssysteme<\/li>\n<li>Hydrazinersatzstoffe<\/li>\n<\/ul>\n<p>[\/vc_column_text][\/vc_column_inner][\/vc_row_inner][\/vc_tta_section][vc_tta_section title=&#8221;Dampfkonditionierungsmittel&#8221; tab_id=&#8221;1642602558049-fc98f98b-cd02&#8243;][vc_column_text css=&#8221;.vc_custom_1642674371799{padding-top: 10px !important;padding-bottom: 0px !important;}&#8221;]Dampf- und Kondensatsysteme zeigen h\u00e4ufig Korrosionssch\u00e4den auf. Diese sind vor allem auf S\u00e4urekorrosion im \u201enassen\u201c Bereich zur\u00fcckzuf\u00fchren. F\u00fcr den Schutz von Dampf- und Kondensatsystemen gegen Korrosion bietet die Innowac hoch effiziente Dampfkonditionierungsmittel f\u00fcr die verschiedensten Einsatzgebiete an.<\/p>\n<p><strong>Dampfkonditionierungsmittel:<\/strong><\/p>\n<ul>\n<li>Dampfalkalisierungsmittel<\/li>\n<li>Filmbildner<\/li>\n<li>Kombinationsprodukte Allkalisierungsmittel \/ Filmbildner<\/li>\n<\/ul>\n<p><strong>Einsatzgebiete:<\/strong><\/p>\n<ul>\n<li>Dampfsysteme<\/li>\n<li>Kondensatsysteme<\/li>\n<li>Prozesssysteme<\/li>\n<li>Overheadsysteme<\/li>\n<\/ul>\n<p>[\/vc_column_text][vc_row_inner css=&#8221;.vc_custom_1524999062760{margin-top: 5px !important;margin-right: 0px !important;margin-left: 0px !important;}&#8221;][vc_column_inner width=&#8221;2\/12&#8243; css=&#8221;.vc_custom_1524998704455{padding-right: 0px !important;padding-left: 0px !important;}&#8221;][vc_single_image image=&#8221;5694&#8243; img_size=&#8221;180*160&#8243; css=&#8221;.vc_custom_1642602256571{margin-bottom: 0px !important;padding-top: 10px !important;}&#8221;][\/vc_column_inner][vc_column_inner width=&#8221;10\/12&#8243;][vc_column_text css=&#8221;.vc_custom_1642602841714{margin-bottom: 0px !important;}&#8221;]<strong>Biozidprogramm:<\/strong><\/p>\n<ul>\n<li>organische Biozide<\/li>\n<li>auf Chlor basierende Biozide<\/li>\n<li>auf Brom basierende Biozide<\/li>\n<li>Ozonanlagen<\/li>\n<li>Chlordioxidanlagen<\/li>\n<li>Auf BCDMH basierende Biozide<\/li>\n<\/ul>\n<p>[\/vc_column_text][\/vc_column_inner][\/vc_row_inner][vc_empty_space][vc_row_inner css=&#8221;.vc_custom_1524999062760{margin-top: 5px !important;margin-right: 0px !important;margin-left: 0px !important;}&#8221;][vc_column_inner width=&#8221;2\/12&#8243; css=&#8221;.vc_custom_1524998704455{padding-right: 0px !important;padding-left: 0px !important;}&#8221;][vc_single_image image=&#8221;5694&#8243; img_size=&#8221;180*160&#8243; css=&#8221;.vc_custom_1642602256571{margin-bottom: 0px !important;padding-top: 10px !important;}&#8221;][\/vc_column_inner][vc_column_inner width=&#8221;10\/12&#8243;][vc_column_text css=&#8221;.vc_custom_1642602877544{margin-bottom: 0px !important;}&#8221;]<strong>Anwendungsbereiche:<\/strong><\/p>\n<ul>\n<li>K\u00fchlwasserkonditionierung<\/li>\n<li>Anlagenwasserkonditionierung<\/li>\n<li>Trinkwasserkonditionierung<\/li>\n<li>AOX \u2013 Abwasserreduzierung<\/li>\n<li>AOX \u2013 K\u00fchlwasserreduzierung<\/li>\n<li>Abwasseraufbereitung (Wiederverwendung als Anlagenwasser)<\/li>\n<\/ul>\n<p>[\/vc_column_text][\/vc_column_inner][\/vc_row_inner][\/vc_tta_section][\/vc_tta_accordion][\/vc_column][\/vc_row][vc_row][vc_column][vc_empty_space height=&#8221;15px&#8221;][\/vc_column][\/vc_row]<\/p>\n<\/section>","protected":false},"excerpt":{"rendered":"<p>[vc_row full_width=&#8221;stretch_row&#8221; css=&#8221;.vc_custom_1642601040736{padding-top: 50px !important;padding-bottom: 0px !important;background-position: center !important;background-repeat: no-repeat !important;background-size: cover !important;}&#8221; el_class=&#8221;clearfix&#8221;][vc_column css=&#8221;.vc_custom_1525953377619{padding-right: 60px !important;}&#8221;][\/vc_column][\/vc_row][vc_row full_width=&#8221;stretch_row&#8221; css=&#8221;.vc_custom_1642577044055{padding-bottom: 0px !important;background-position: center !important;background-repeat: no-repeat !important;background-size: cover !important;}&#8221;][vc_column css=&#8221;.vc_custom_1525953377619{padding-right: 60px !important;}&#8221;][vc_column_text]Innowac can meet all these requirements in terms of conditioning agents, the service rendered and the know-how of the engineers in the field. In addition to &hellip; <a href=\"https:\/\/innowac.com\/en\/solutions\/kesselwasser\/\" class=\"more-link\">Continue reading <span class=\"screen-reader-text\">Kesselwasser<\/span><\/a><\/p>\n","protected":false},"author":1,"featured_media":0,"parent":6238,"menu_order":21,"comment_status":"closed","ping_status":"closed","template":"","meta":{"footnotes":""},"class_list":["post-6248","page","type-page","status-publish","hentry"],"_links":{"self":[{"href":"https:\/\/innowac.com\/en\/wp-json\/wp\/v2\/pages\/6248","targetHints":{"allow":["GET"]}}],"collection":[{"href":"https:\/\/innowac.com\/en\/wp-json\/wp\/v2\/pages"}],"about":[{"href":"https:\/\/innowac.com\/en\/wp-json\/wp\/v2\/types\/page"}],"author":[{"embeddable":true,"href":"https:\/\/innowac.com\/en\/wp-json\/wp\/v2\/users\/1"}],"replies":[{"embeddable":true,"href":"https:\/\/innowac.com\/en\/wp-json\/wp\/v2\/comments?post=6248"}],"version-history":[{"count":3,"href":"https:\/\/innowac.com\/en\/wp-json\/wp\/v2\/pages\/6248\/revisions"}],"predecessor-version":[{"id":6281,"href":"https:\/\/innowac.com\/en\/wp-json\/wp\/v2\/pages\/6248\/revisions\/6281"}],"up":[{"embeddable":true,"href":"https:\/\/innowac.com\/en\/wp-json\/wp\/v2\/pages\/6238"}],"wp:attachment":[{"href":"https:\/\/innowac.com\/en\/wp-json\/wp\/v2\/media?parent=6248"}],"curies":[{"name":"wp","href":"https:\/\/api.w.org\/{rel}","templated":true}]}}