{"id":6251,"date":"2022-01-20T09:59:41","date_gmt":"2022-01-20T08:59:41","guid":{"rendered":"https:\/\/innowac.com\/?page_id=6251"},"modified":"2022-06-08T15:10:29","modified_gmt":"2022-06-08T13:10:29","slug":"prozessadditive","status":"publish","type":"page","link":"https:\/\/innowac.com\/en\/solutions\/prozessadditive\/","title":{"rendered":"Prozessadditive"},"content":{"rendered":"<section class=\"wpb-content-wrapper\"><p>[vc_row full_width=&#8221;stretch_row&#8221; css=&#8221;.vc_custom_1642601040736{padding-top: 50px !important;padding-bottom: 0px !important;background-position: center !important;background-repeat: no-repeat !important;background-size: cover !important;}&#8221; el_class=&#8221;clearfix&#8221;][vc_column css=&#8221;.vc_custom_1525953377619{padding-right: 60px !important;}&#8221;]<h1 style=\"text-align:left;\" class=\"ts-custom-heading \" >Prozessadditivierung<\/h1>\n[\/vc_column][\/vc_row][vc_row full_width=&#8221;stretch_row&#8221; css=&#8221;.vc_custom_1642577044055{padding-bottom: 0px !important;background-position: center !important;background-repeat: no-repeat !important;background-size: cover !important;}&#8221;][vc_column css=&#8221;.vc_custom_1525953377619{padding-right: 60px !important;}&#8221;][vc_column_text]Ein weiteres wichtiges Bet\u00e4tigungsfeld der Innowac ist der Vertrieb und der \u00fcberwachte Einsatz von Prozessadditiven. Hierzu geh\u00f6ren Overheadinhibitoren f\u00fcr den Raffinerie- und destillativen Bereich, Entsch\u00e4umer welche direkt im Prozess eingesetzt werden, Emulsions- und Roh\u00f6lspalter, Antifoulants, Online- und Offline-Reiniger f\u00fcr den industriellen Bereich, Reiniger f\u00fcr Gasturbinen, Dampfalkalisierungsmittel, Sauerstoffbindemittel, welche ebenfalls direkt im Prozess eingesetzt werden, Polymerisationshemmer und Prozessdispergatoren.<\/p>\n<p>Auch in diesem Bereich werden neben dem Vertrieb und dem Einsatz der oben genannten Produktlinien das dazugeh\u00f6rige Regel- und Dosierequipment angeboten. Da dieser Bereich vor allem bei der Prozessadditivierung sehr anspruchsvoll, aber auch gerade hier sehr wichtig und effektiv bez\u00fcglich Anlagensicherheit, Anlagenverf\u00fcgbarkeit und Wirtschaftlichkeit der eingesetzten Behandlungsverfahren ist, haben wir auf diesem Gebiet viele Innovationen zur Marktreife entwickelt. Somit k\u00f6nnen auf Wunsch des Kunden komplette Behandlungskonzepte von der chemischen bis zur regeltechnischen L\u00f6sung angeboten werden.[\/vc_column_text][\/vc_column][\/vc_row][vc_row full_width=&#8221;stretch_row&#8221; css=&#8221;.vc_custom_1528110103945{padding-top: 20px !important;padding-bottom: 30px !important;}&#8221;][vc_column][vc_tta_accordion style=&#8221;outline&#8221; c_icon=&#8221;chevron&#8221; c_position=&#8221;right&#8221; active_section=&#8221;1&#8243;][vc_tta_section title=&#8221;Raffinerie&#8221; tab_id=&#8221;1528104950876-687db9d5-5ae0&#8243;][vc_column_text css=&#8221;.vc_custom_1642675294736{padding-top: 10px !important;padding-bottom: 0px !important;}&#8221;]<\/p>\n<ul>\n<li>Crude Unit \u2013 Emulsionsspalter, Naphthens\u00e4ureinhibierung, Overheadinhibierung, Ammoniumsalz Inhibierung<\/li>\n<li>HDS \u2013 Antifoulant, Ammoniumsalz Inhibierung, Korrosionsinhibierung<\/li>\n<li>Hydrocracker \u2013 Reaktor &amp; Preheat Antifoulant, NH4HS Inhibierung, Asphaltene Stabilisierung, Entsch\u00e4umer<\/li>\n<li>Reformer \u2013 Antifoulant und NH4Cl Inhibierung<\/li>\n<li>FCCU \u2013 Ni Passivierung, Slurry Antifoulant \/ Asphalthenestabilisierung, HX Passivierung, Combustion Improver, Inhibierung Wasserstoff induzierter Korrosion, Cyanid Scavenger<\/li>\n<li>Visbreaker \u2013 Antifoulant, Asphaltene Stabilisierung<\/li>\n<li>Bitumen \/ Asphalt \u2013 H2S, RSH Scavenger<\/li>\n<li>Delayed Coker \u2013 Antifoulant, Entsch\u00e4umer<\/li>\n<li>Gasification \/ IGCC \/POX \/ Schwer\u00f6lvergasung \u2013 Antifoulant, Koksinhibierung<\/li>\n<li>Heizgas \u2013 Inhibierung und Beseitigung von Salzverlegungen<\/li>\n<li>Rectisol \u2013 HIC Inhibierung, Entfernung von Eisen und Nickelsulfiden<\/li>\n<li>Aminw\u00e4sche \u2013 Korrosionsinhierung, HSS Inhibierung, HSS Neutralisation, Promotor, Entsch\u00e4umer<\/li>\n<li>Clausanlage \u2013 Degassing Catalyst, H2S &amp; Polysulfide Removal<\/li>\n<li>Cleaning &amp; Degassing \u2013 Inhibierung v. pyrophorem Eisen, Wetting Agents, Benzol Absorbants<\/li>\n<li>Merox \u2013 Co-Phtalocyanine wasserbasierend<\/li>\n<li>Additivierung \u2013 Korrosionsinhibitoren, Antistatics, Dehazer, Scavenger, Flow Improver<\/li>\n<\/ul>\n<p>[\/vc_column_text][\/vc_tta_section][vc_tta_section title=&#8221;Petrochemie&#8221; tab_id=&#8221;1642675375022-968dcbea-f971&#8243;][vc_column_text css=&#8221;.vc_custom_1642675462487{padding-top: 10px !important;padding-bottom: 0px !important;}&#8221;]<\/p>\n<ul>\n<li>Ethylen<\/li>\n<li>Furnace \u2013 Beschwefelungsadditive, Koksinhibitoren, DMDS &amp; TBPS Promotor<\/li>\n<li>\u00d6lfraktionierung \u2013 Antifoulant, Viscosity Improver, Antipolymerant, Dispergatoren, Coke Supressant<\/li>\n<li>DSG \u2013 Korrosions- und Foulinginhibitor, Natriumfreie Konditionierung, Entsch\u00e4umer<\/li>\n<li>Pygas Seperator \u2013 Antioxydantien, Stabilizer, Emulsionsspalter<\/li>\n<li>TLX \u2013 Sauerstoffbinder<\/li>\n<li>Rohgaskompressor \u2013 Antifoulant, Metalldeaktivatoren, Radikalf\u00e4nger, Dispergatoren, Waschwasseralkalisierung<\/li>\n<li>Laugew\u00e4sche \u2013 Hg und Aldol Scavenger (Red Oil Inhibierung)<\/li>\n<li>Gaszerlegung \u2013 Antifoulant, Radikalf\u00e4nger, Metall Deaktivatoren, Passivatoren<\/li>\n<li>Styrol \u2013 Radikalf\u00e4nger, Antioydantien, Metall Deaktivatoren, Passivatoren<\/li>\n<li>PVC \u2013 Entsch\u00e4umer<\/li>\n<li>Acrylnitril \u2013 Radikalf\u00e4nger, Dispergator, Entsch\u00e4umer, Stabilizer, Korrosions Inhibitoren<\/li>\n<li>TDI \u2013 Antifoulant, NiCl3 Inhibierung, Dispergator<\/li>\n<\/ul>\n<p>[\/vc_column_text][\/vc_tta_section][vc_tta_section title=&#8221;Prozesskonditionierungsmittel&#8221; tab_id=&#8221;1642675373839-1d2af446-485d&#8221;][vc_column_text css=&#8221;.vc_custom_1642675638500{padding-top: 10px !important;padding-bottom: 0px !important;}&#8221;]Der Bereich Prozesskonditionierungsmittel beinhaltet in der Innowac Produktpalette alle Konditionierungsmittel, die direkt in Prozessabl\u00e4ufe zudosiert werden und dort wirken.<\/p>\n<p><strong>Prozesskonditionierungsmittel:<\/strong><\/p>\n<ul>\n<li>Overhead-Inhibitoren<\/li>\n<li>Roh\u00f6l-Spalter<\/li>\n<li>Teer-Spalter<\/li>\n<li>Emulsionsspalter<\/li>\n<li>Dampf- und Prozess Alkalisierungsmittel<\/li>\n<li>Neutralisierende Amine<\/li>\n<\/ul>\n<p><strong>Einsatzgebiete:<\/strong><\/p>\n<ul>\n<li>Overheadinhibierung<\/li>\n<li>Roh\u00f6lspaltung \/ Entsalzer<\/li>\n<li>Emulsionsspaltung<\/li>\n<li>Teer\/Wasser-Trennung (Teerscheide)<\/li>\n<li>Prozessdampfalkalisierung u.v.m.<\/li>\n<li>Fernw\u00e4rmesysteme<\/li>\n<li>Prozesswassersysteme<\/li>\n<\/ul>\n<p>[\/vc_column_text][\/vc_tta_section][vc_tta_section title=&#8221;Antischaummittel&#8221; tab_id=&#8221;1642675372630-3360ddf0-442c&#8221;][vc_column_text css=&#8221;.vc_custom_1642675811866{padding-top: 10px !important;padding-bottom: 0px !important;}&#8221;]Das Gebiet der Entsch\u00e4umer ist sehr komplex und systemspezifisch. Neben den Standardentsch\u00e4umer-Typen kann die Innowac viele anlagenspezifische Entsch\u00e4umer anbieten oder entwickeln. Bei aktuellen Problematiken oder Fragen schicken Sie uns bitte eine E-Mail, ein zust\u00e4ndiger Anwendungsingenieur wird sich dann umgehend bei Ihnen melden, um einen Vorort-Termin zu vereinbaren.<\/p>\n<p><strong>Antischaummittel:<\/strong><\/p>\n<ul>\n<li>K\u00fchlwasserentsch\u00e4umer<\/li>\n<li>Kesselwasserentsch\u00e4umer<\/li>\n<li>Abwasserentsch\u00e4umer<\/li>\n<li>Prozessentsch\u00e4umer<\/li>\n<\/ul>\n<p><strong>Einsatzgebiete:<\/strong><\/p>\n<ul>\n<li>Offene\/halboffene K\u00fchlwassersysteme<\/li>\n<li>Dampferzeuger<\/li>\n<li>Abwasseranlagen<\/li>\n<li>PVC-Produktion<\/li>\n<li>Prozesswassersysteme<\/li>\n<li>FDA Produkte f\u00fcr die Lebensmittelindustrie<\/li>\n<\/ul>\n<p>[\/vc_column_text][\/vc_tta_section][vc_tta_section title=&#8221;Reiniger&#8221; tab_id=&#8221;1642675371454-c5039ff1-7ef8&#8243;][vc_column_text css=&#8221;.vc_custom_1642675897157{padding-top: 10px !important;padding-bottom: 0px !important;}&#8221;]Unsere Produktpalette beinhaltet eine gro\u00dfe Anzahl von Reinigungschemikalien f\u00fcr viele verschiedene Einsatzgebiete.<\/p>\n<p><strong>Reinigerprogramme:<\/strong><\/p>\n<ul>\n<li>Reiniger f\u00fcr Wasser f\u00fchrende Systeme<\/li>\n<li>Kombinationsprodukte Reinigung\/Grundinhibierung<\/li>\n<li>Reiniger f\u00fcr organische Systeme<\/li>\n<li>Reinigung von K\u00fchlsystemen nach Produkteinbr\u00fcchen<\/li>\n<li>Grundreinigung von K\u00fchlsystemen vor Inbetriebnahmen<\/li>\n<li>Grundinhibierung von K\u00fchlsystemen vor Inbetriebnahmen<\/li>\n<li>Brunnenreinigungen\/Entfernung von Eisen- und Manganverbindungen<\/li>\n<li>Entfernung von H\u00e4rteablagerungen in K\u00fchl \u2013 und Kesselsystemen<\/li>\n<li>Entfernung von \u00d6lverschmutzungen<\/li>\n<\/ul>\n<p>[\/vc_column_text][\/vc_tta_section][vc_tta_section title=&#8221;Verbrennungsadditive&#8221; tab_id=&#8221;1642675369257-f9450001-4db1&#8243;][vc_column_text css=&#8221;.vc_custom_1642675980546{padding-top: 10px !important;padding-bottom: 0px !important;}&#8221;]Zur Optimierung von Verbrennungsprozessen beinhaltet die Innowac Produktpalette speziell entwickelte Verbrennungsadditive.<\/p>\n<p><strong>Additive zur:<\/strong><\/p>\n<ul>\n<li>Verbrennungsoptimierung<\/li>\n<li>Verhinderung von Ablagerungen in Verbrennungsr\u00e4umen<\/li>\n<li>Reduktion von Korrosion in Verbrennungsr\u00e4umen<\/li>\n<li>Reduktion von Emissionen<\/li>\n<li>Optimierung des Flammenbildes<\/li>\n<\/ul>\n<p><strong>Einsatzgebiete:<\/strong><\/p>\n<ul>\n<li>Kesselanlagen<\/li>\n<li>Prozessanlagen<\/li>\n<li>Gasturbinen<\/li>\n<li>Verbrennungsturbinen<\/li>\n<li>u.v.m.<\/li>\n<\/ul>\n<p>[\/vc_column_text][\/vc_tta_section][\/vc_tta_accordion][\/vc_column][\/vc_row][vc_row][vc_column][vc_empty_space height=&#8221;15px&#8221;][\/vc_column][\/vc_row]<\/p>\n<\/section>","protected":false},"excerpt":{"rendered":"<p>[vc_row full_width=&#8221;stretch_row&#8221; css=&#8221;.vc_custom_1642601040736{padding-top: 50px !important;padding-bottom: 0px !important;background-position: center !important;background-repeat: no-repeat !important;background-size: cover !important;}&#8221; el_class=&#8221;clearfix&#8221;][vc_column css=&#8221;.vc_custom_1525953377619{padding-right: 60px !important;}&#8221;][\/vc_column][\/vc_row][vc_row full_width=&#8221;stretch_row&#8221; css=&#8221;.vc_custom_1642577044055{padding-bottom: 0px !important;background-position: center !important;background-repeat: no-repeat !important;background-size: cover !important;}&#8221;][vc_column css=&#8221;.vc_custom_1525953377619{padding-right: 60px !important;}&#8221;][vc_column_text]Ein weiteres wichtiges Bet\u00e4tigungsfeld der Innowac ist der Vertrieb und der \u00fcberwachte Einsatz von Prozessadditiven. Hierzu geh\u00f6ren Overheadinhibitoren f\u00fcr den Raffinerie- und destillativen Bereich, Entsch\u00e4umer welche &hellip; <a href=\"https:\/\/innowac.com\/en\/solutions\/prozessadditive\/\" class=\"more-link\">Continue reading <span class=\"screen-reader-text\">Prozessadditive<\/span><\/a><\/p>\n","protected":false},"author":1,"featured_media":0,"parent":6238,"menu_order":21,"comment_status":"closed","ping_status":"closed","template":"","meta":{"footnotes":""},"class_list":["post-6251","page","type-page","status-publish","hentry"],"_links":{"self":[{"href":"https:\/\/innowac.com\/en\/wp-json\/wp\/v2\/pages\/6251","targetHints":{"allow":["GET"]}}],"collection":[{"href":"https:\/\/innowac.com\/en\/wp-json\/wp\/v2\/pages"}],"about":[{"href":"https:\/\/innowac.com\/en\/wp-json\/wp\/v2\/types\/page"}],"author":[{"embeddable":true,"href":"https:\/\/innowac.com\/en\/wp-json\/wp\/v2\/users\/1"}],"replies":[{"embeddable":true,"href":"https:\/\/innowac.com\/en\/wp-json\/wp\/v2\/comments?post=6251"}],"version-history":[{"count":2,"href":"https:\/\/innowac.com\/en\/wp-json\/wp\/v2\/pages\/6251\/revisions"}],"predecessor-version":[{"id":6253,"href":"https:\/\/innowac.com\/en\/wp-json\/wp\/v2\/pages\/6251\/revisions\/6253"}],"up":[{"embeddable":true,"href":"https:\/\/innowac.com\/en\/wp-json\/wp\/v2\/pages\/6238"}],"wp:attachment":[{"href":"https:\/\/innowac.com\/en\/wp-json\/wp\/v2\/media?parent=6251"}],"curies":[{"name":"wp","href":"https:\/\/api.w.org\/{rel}","templated":true}]}}