{"id":6254,"date":"2022-01-20T10:00:26","date_gmt":"2022-01-20T09:00:26","guid":{"rendered":"https:\/\/innowac.com\/?page_id=6254"},"modified":"2022-06-08T15:11:57","modified_gmt":"2022-06-08T13:11:57","slug":"kokereien-teerscheide","status":"publish","type":"page","link":"https:\/\/innowac.com\/en\/solutions\/kokereien-teerscheide\/","title":{"rendered":"Kokereien \/ Teerscheide"},"content":{"rendered":"<section class=\"wpb-content-wrapper\"><p>[vc_row full_width=&#8221;stretch_row&#8221; css=&#8221;.vc_custom_1642601040736{padding-top: 50px !important;padding-bottom: 0px !important;background-position: center !important;background-repeat: no-repeat !important;background-size: cover !important;}&#8221; el_class=&#8221;clearfix&#8221;][vc_column css=&#8221;.vc_custom_1525953377619{padding-right: 60px !important;}&#8221;]<h1 style=\"text-align:left;\" class=\"ts-custom-heading \" >Teer-\/Wasser-Phasen trennen<\/h1>\n[\/vc_column][\/vc_row][vc_row full_width=&#8221;stretch_row&#8221; css=&#8221;.vc_custom_1642577044055{padding-bottom: 0px !important;background-position: center !important;background-repeat: no-repeat !important;background-size: cover !important;}&#8221;][vc_column css=&#8221;.vc_custom_1525953377619{padding-right: 60px !important;}&#8221;][vc_column_text]In Kokereien stellt der Bereich der Teerscheide h\u00e4ufig ein Problem dar. Hier kommt es darauf an, die Teer\/Wasser-Phasen m\u00f6glichst gut und komplett zu trennen. Ein entscheidender Faktor f\u00fcr die Qualit\u00e4t des abgetrennten Teers ist der Restwassergehalt, der so gering wie m\u00f6glich sein soll. Hier kommt es h\u00e4ufig zu Problemen und St\u00f6rungen:<\/p>\n<p>Die Teer\/Wasser-Trennung funktioniert nicht einwandfrei, es bilden sich Emulsionen und der Restwassergehalt des Teers liegt zu hoch. Diese Emulsionsbildung und schlechte Teerentw\u00e4sserung wird durch eine Feststoffanreicherung im Teer beg\u00fcnstigt oder hervorgerufen.<\/p>\n<p>Die Innowac hat einen speziellen Spalter f\u00fcr den Einsatz in Teerscheiden entwickelt, der durch Emulsionsspaltung und eine stark verbesserte Teer\/Wasser-Trennung Restwassergehalte von konstant &lt; 3% im Teer erreicht. Zur Verbesserung der Feststoffabscheidung im Teerscheidewasserkreislauf, stehen geeignete Polyelektrolyte zur Verf\u00fcgung. Diese verl\u00e4ngern die Standzeiten der Kiesfilter um ein Vielfaches und verbessern die Klarwasserqualit\u00e4t enorm. F\u00fcr die K\u00fchlwasserbehandlung wurden spezielle Inhibitoren, Stabilisatoren, Dispergatoren und Reiniger mit einem sehr hohen Kosten\/Nutzen-Effekt entwickelt.[\/vc_column_text][\/vc_column][\/vc_row][vc_row full_width=&#8221;stretch_row&#8221; css=&#8221;.vc_custom_1528110103945{padding-top: 20px !important;padding-bottom: 30px !important;}&#8221;][vc_column][\/vc_column][\/vc_row][vc_row][vc_column][vc_empty_space height=&#8221;15px&#8221;][\/vc_column][\/vc_row]<\/p>\n<\/section>","protected":false},"excerpt":{"rendered":"<p>[vc_row full_width=&#8221;stretch_row&#8221; css=&#8221;.vc_custom_1642601040736{padding-top: 50px !important;padding-bottom: 0px !important;background-position: center !important;background-repeat: no-repeat !important;background-size: cover !important;}&#8221; el_class=&#8221;clearfix&#8221;][vc_column css=&#8221;.vc_custom_1525953377619{padding-right: 60px !important;}&#8221;][\/vc_column][\/vc_row][vc_row full_width=&#8221;stretch_row&#8221; css=&#8221;.vc_custom_1642577044055{padding-bottom: 0px !important;background-position: center !important;background-repeat: no-repeat !important;background-size: cover !important;}&#8221;][vc_column css=&#8221;.vc_custom_1525953377619{padding-right: 60px !important;}&#8221;][vc_column_text]In Kokereien stellt der Bereich der Teerscheide h\u00e4ufig ein Problem dar. Hier kommt es darauf an, die Teer\/Wasser-Phasen m\u00f6glichst gut und komplett zu trennen. Ein entscheidender &hellip; <a href=\"https:\/\/innowac.com\/en\/solutions\/kokereien-teerscheide\/\" class=\"more-link\">Continue reading <span class=\"screen-reader-text\">Kokereien \/ Teerscheide<\/span><\/a><\/p>\n","protected":false},"author":1,"featured_media":0,"parent":6238,"menu_order":21,"comment_status":"closed","ping_status":"closed","template":"","meta":{"footnotes":""},"class_list":["post-6254","page","type-page","status-publish","hentry"],"_links":{"self":[{"href":"https:\/\/innowac.com\/en\/wp-json\/wp\/v2\/pages\/6254","targetHints":{"allow":["GET"]}}],"collection":[{"href":"https:\/\/innowac.com\/en\/wp-json\/wp\/v2\/pages"}],"about":[{"href":"https:\/\/innowac.com\/en\/wp-json\/wp\/v2\/types\/page"}],"author":[{"embeddable":true,"href":"https:\/\/innowac.com\/en\/wp-json\/wp\/v2\/users\/1"}],"replies":[{"embeddable":true,"href":"https:\/\/innowac.com\/en\/wp-json\/wp\/v2\/comments?post=6254"}],"version-history":[{"count":2,"href":"https:\/\/innowac.com\/en\/wp-json\/wp\/v2\/pages\/6254\/revisions"}],"predecessor-version":[{"id":6256,"href":"https:\/\/innowac.com\/en\/wp-json\/wp\/v2\/pages\/6254\/revisions\/6256"}],"up":[{"embeddable":true,"href":"https:\/\/innowac.com\/en\/wp-json\/wp\/v2\/pages\/6238"}],"wp:attachment":[{"href":"https:\/\/innowac.com\/en\/wp-json\/wp\/v2\/media?parent=6254"}],"curies":[{"name":"wp","href":"https:\/\/api.w.org\/{rel}","templated":true}]}}