{"id":6257,"date":"2022-01-19T08:15:03","date_gmt":"2022-01-19T07:15:03","guid":{"rendered":"https:\/\/innowac.com\/?page_id=6257"},"modified":"2022-06-08T15:12:44","modified_gmt":"2022-06-08T13:12:44","slug":"kuehlwasser","status":"publish","type":"page","link":"https:\/\/innowac.com\/en\/solutions\/kuehlwasser\/","title":{"rendered":"K\u00fchlwasser"},"content":{"rendered":"<section class=\"wpb-content-wrapper\"><p>[vc_row full_width=&#8221;stretch_row&#8221; css=&#8221;.vc_custom_1642601040736{padding-top: 50px !important;padding-bottom: 0px !important;background-position: center !important;background-repeat: no-repeat !important;background-size: cover !important;}&#8221; el_class=&#8221;clearfix&#8221;][vc_column css=&#8221;.vc_custom_1525953377619{padding-right: 60px !important;}&#8221;]<h1 style=\"text-align:left;\" class=\"ts-custom-heading \" >K\u00fchlwasserkonditionierung<\/h1>\n[\/vc_column][\/vc_row][vc_row full_width=&#8221;stretch_row&#8221; css=&#8221;.vc_custom_1642577044055{padding-bottom: 0px !important;background-position: center !important;background-repeat: no-repeat !important;background-size: cover !important;}&#8221;][vc_column css=&#8221;.vc_custom_1525953377619{padding-right: 60px !important;}&#8221;][vc_column_text]Zur Behandlung von industriellen K\u00fchlwasserkreisl\u00e4ufen stehen eine Vielzahl von speziellen Behandlungskonzepten zur Verf\u00fcgung. In Zusammenarbeit mit Ihnen w\u00e4hlen wir f\u00fcr jedes System das am besten geeignete aus.<\/p>\n<p>Die wirtschaftlichen und \u00f6kologischen Gesichtspunkte stehen hierbei im Vordergrund. Besonders hervorzuheben ist unsere Flexibilit\u00e4t, bei der Produktgestaltung individuell auf Ihre Vorgaben einzugehen. Um die Wirtschaftlichkeit und Wirksamkeit unserer Inhibitoren zu gew\u00e4hrleisten, f\u00fchren wir regelm\u00e4\u00dfig umfangreiche Serviceanalysen und Wartungsarbeiten durch, die wir mit Ihnen detailliert besprechen. Hierzu stehen Ihnen erfahrene Au\u00dfendienstingenieure zur Verf\u00fcgung.[\/vc_column_text][\/vc_column][\/vc_row][vc_row full_width=&#8221;stretch_row&#8221; css=&#8221;.vc_custom_1528110103945{padding-top: 20px !important;padding-bottom: 30px !important;}&#8221;][vc_column][vc_tta_accordion style=&#8221;outline&#8221; c_icon=&#8221;chevron&#8221; c_position=&#8221;right&#8221; active_section=&#8221;1&#8243;][vc_tta_section title=&#8221;Korrisionsinhibitoren \/ H\u00e4rtestabilisatoren&#8221; tab_id=&#8221;1528104950876-687db9d5-5ae0&#8243;][vc_column_text css=&#8221;.vc_custom_1642602291041{padding-top: 10px !important;padding-bottom: 0px !important;}&#8221;]Hinsichtlich der Korrosionsinhibitoren steht eine breite Produktpalette zur Verf\u00fcgung.[\/vc_column_text][vc_row_inner css=&#8221;.vc_custom_1524999062760{margin-top: 5px !important;margin-right: 0px !important;margin-left: 0px !important;}&#8221;][vc_column_inner width=&#8221;2\/12&#8243; css=&#8221;.vc_custom_1524998704455{padding-right: 0px !important;padding-left: 0px !important;}&#8221;][vc_single_image image=&#8221;5694&#8243; img_size=&#8221;180*160&#8243; css=&#8221;.vc_custom_1642602256571{margin-bottom: 0px !important;padding-top: 10px !important;}&#8221;][\/vc_column_inner][vc_column_inner width=&#8221;10\/12&#8243;][vc_column_text css=&#8221;.vc_custom_1642601571463{margin-bottom: 0px !important;}&#8221;]<strong>Korrosionsschutzprogramme:<\/strong><\/p>\n<ul>\n<li>Vollorganische Programme (All organic)<\/li>\n<li>Phosphat-Programme<\/li>\n<li>Zink-Programme<\/li>\n<li>Molybdat-Programme<\/li>\n<li>N- freie and P-arme Programme<\/li>\n<\/ul>\n<p>[\/vc_column_text][\/vc_column_inner][\/vc_row_inner][vc_empty_space][vc_row_inner css=&#8221;.vc_custom_1524999062760{margin-top: 5px !important;margin-right: 0px !important;margin-left: 0px !important;}&#8221;][vc_column_inner width=&#8221;2\/12&#8243; css=&#8221;.vc_custom_1524998704455{padding-right: 0px !important;padding-left: 0px !important;}&#8221;][vc_single_image image=&#8221;5694&#8243; img_size=&#8221;180*160&#8243; css=&#8221;.vc_custom_1642602256571{margin-bottom: 0px !important;padding-top: 10px !important;}&#8221;][\/vc_column_inner][vc_column_inner width=&#8221;10\/12&#8243;][vc_column_text css=&#8221;.vc_custom_1642602462520{margin-bottom: 0px !important;}&#8221;]<strong>Anwendungsbereiche:<\/strong><\/p>\n<ul>\n<li>Offene K\u00fchlwassersysteme<\/li>\n<li>Geschlossene K\u00fchlwassersysteme<\/li>\n<li>Halboffene K\u00fchlwassersysteme<\/li>\n<li>Fernheizsysteme<\/li>\n<li>Brauchwassersysteme<\/li>\n<\/ul>\n<p>[\/vc_column_text][\/vc_column_inner][\/vc_row_inner][\/vc_tta_section][vc_tta_section title=&#8221;H\u00e4rtestabilisatoren \/ Dispergatoren&#8221; tab_id=&#8221;1642602559863-6dc4e3e7-dac9&#8243;][vc_column_text css=&#8221;.vc_custom_1642602599447{padding-top: 10px !important;padding-bottom: 0px !important;}&#8221;]Um H\u00e4rte- und andere Bel\u00e4ge zu vermeiden, enth\u00e4lt das Produktangebot von Innowac eine Vielfalt von speziellen H\u00e4rtestabilisatoren und Dispergatoren.[\/vc_column_text][vc_row_inner css=&#8221;.vc_custom_1524999062760{margin-top: 5px !important;margin-right: 0px !important;margin-left: 0px !important;}&#8221;][vc_column_inner width=&#8221;2\/12&#8243; css=&#8221;.vc_custom_1524998704455{padding-right: 0px !important;padding-left: 0px !important;}&#8221;][vc_single_image image=&#8221;5694&#8243; img_size=&#8221;180*160&#8243; css=&#8221;.vc_custom_1642602256571{margin-bottom: 0px !important;padding-top: 10px !important;}&#8221;][\/vc_column_inner][vc_column_inner width=&#8221;10\/12&#8243;][vc_column_text css=&#8221;.vc_custom_1642602637413{margin-bottom: 0px !important;}&#8221;]<strong>H\u00e4rtestabilisatoren und Dispergatoren:<\/strong><\/p>\n<ul>\n<li>Reine H\u00e4rtestabilisatoren<\/li>\n<li>Reine Dispergatoren f\u00fcr Festk\u00f6rper und Mikrobiologie<\/li>\n<li>Kombinierte H\u00e4rtestabilisatoren\/Dispergatoren<\/li>\n<li>P \u2013 und N- freie H\u00e4rtestabilisatoren<\/li>\n<li>Biologisch abbaubare H\u00e4rtestabilisatoren<\/li>\n<li>Dispergatoren f\u00fcr Mikrobiologie, die auf nat\u00fcrlichen Substanzen basieren (Terpene)<\/li>\n<\/ul>\n<p>[\/vc_column_text][\/vc_column_inner][\/vc_row_inner][vc_empty_space][vc_row_inner css=&#8221;.vc_custom_1524999062760{margin-top: 5px !important;margin-right: 0px !important;margin-left: 0px !important;}&#8221;][vc_column_inner width=&#8221;2\/12&#8243; css=&#8221;.vc_custom_1524998704455{padding-right: 0px !important;padding-left: 0px !important;}&#8221;][vc_single_image image=&#8221;5694&#8243; img_size=&#8221;180*160&#8243; css=&#8221;.vc_custom_1642602256571{margin-bottom: 0px !important;padding-top: 10px !important;}&#8221;][\/vc_column_inner][vc_column_inner width=&#8221;10\/12&#8243;][vc_column_text css=&#8221;.vc_custom_1642602714017{margin-bottom: 0px !important;}&#8221;]<strong>Anwendungsbereiche:<\/strong><\/p>\n<ul>\n<li>Offene K\u00fchlwassersysteme<\/li>\n<li>Geschlossene K\u00fchlwassersysteme<\/li>\n<li>Halboffene K\u00fchlwassersysteme<\/li>\n<li>Konditionierung von Schlackengranulation<\/li>\n<li>Entfernung von Schleimbel\u00e4gen in Wassersystemen<\/li>\n<li>Heizsysteme<\/li>\n<li>Brauchwassersysteme<\/li>\n<\/ul>\n<p>[\/vc_column_text][\/vc_column_inner][\/vc_row_inner][\/vc_tta_section][vc_tta_section title=&#8221;Biozide&#8221; tab_id=&#8221;1642602558049-fc98f98b-cd02&#8243;][vc_column_text css=&#8221;.vc_custom_1642602810875{padding-top: 10px !important;padding-bottom: 0px !important;}&#8221;]Die Kontrolle der Mikrobiologie in Wasser f\u00fchrenden Systemen spielt eine immer wichtigere Rolle bei der Industrie und Abwasserwirtschaft. Nachdem die Probleme der H\u00e4rtestabilisierung, der Dispergierung und der Korrosionsinhibiierung gel\u00f6st werden konnten, wurde festgestellt, dass eine weitere Optimierung der Wasserqualit\u00e4t nur durch eine effektive Kontrolle der mikrobiologischen Aktivit\u00e4ten im Wasser erreicht werden kann. Durch immer h\u00f6her steigende Eindickungen und somit immer l\u00e4ngeren Verweilzeiten des Wassers im System, hat die mikrobiologische Belagsbildung einen zunehmend h\u00f6heren Stellenwert bekommen. Da Bel\u00e4ge aber neben dem W\u00e4rme\u00fcbertragungsproblem auch immer Korrosion bedeuten, funktioniert ein effektiver Anlagenschutz nur durch eine Kontrolle der Mikrobiologie im K\u00fchlwasser. Hierzu kann die Innowac auf eine Vielfalt von Bioziden und Anlagenkonzepte zur\u00fcckgreifen.[\/vc_column_text][vc_row_inner css=&#8221;.vc_custom_1524999062760{margin-top: 5px !important;margin-right: 0px !important;margin-left: 0px !important;}&#8221;][vc_column_inner width=&#8221;2\/12&#8243; css=&#8221;.vc_custom_1524998704455{padding-right: 0px !important;padding-left: 0px !important;}&#8221;][vc_single_image image=&#8221;5694&#8243; img_size=&#8221;180*160&#8243; css=&#8221;.vc_custom_1642602256571{margin-bottom: 0px !important;padding-top: 10px !important;}&#8221;][\/vc_column_inner][vc_column_inner width=&#8221;10\/12&#8243;][vc_column_text css=&#8221;.vc_custom_1642602841714{margin-bottom: 0px !important;}&#8221;]<strong>Biozidprogramm:<\/strong><\/p>\n<ul>\n<li>organische Biozide<\/li>\n<li>auf Chlor basierende Biozide<\/li>\n<li>auf Brom basierende Biozide<\/li>\n<li>Ozonanlagen<\/li>\n<li>Chlordioxidanlagen<\/li>\n<li>Auf BCDMH basierende Biozide<\/li>\n<\/ul>\n<p>[\/vc_column_text][\/vc_column_inner][\/vc_row_inner][vc_empty_space][vc_row_inner css=&#8221;.vc_custom_1524999062760{margin-top: 5px !important;margin-right: 0px !important;margin-left: 0px !important;}&#8221;][vc_column_inner width=&#8221;2\/12&#8243; css=&#8221;.vc_custom_1524998704455{padding-right: 0px !important;padding-left: 0px !important;}&#8221;][vc_single_image image=&#8221;5694&#8243; img_size=&#8221;180*160&#8243; css=&#8221;.vc_custom_1642602256571{margin-bottom: 0px !important;padding-top: 10px !important;}&#8221;][\/vc_column_inner][vc_column_inner width=&#8221;10\/12&#8243;][vc_column_text css=&#8221;.vc_custom_1642602877544{margin-bottom: 0px !important;}&#8221;]<strong>Anwendungsbereiche:<\/strong><\/p>\n<ul>\n<li>K\u00fchlwasserkonditionierung<\/li>\n<li>Anlagenwasserkonditionierung<\/li>\n<li>Trinkwasserkonditionierung<\/li>\n<li>AOX \u2013 Abwasserreduzierung<\/li>\n<li>AOX \u2013 K\u00fchlwasserreduzierung<\/li>\n<li>Abwasseraufbereitung (Wiederverwendung als Anlagenwasser)<\/li>\n<\/ul>\n<p>[\/vc_column_text][\/vc_column_inner][\/vc_row_inner][\/vc_tta_section][vc_tta_section title=&#8221;Dispergatoren f\u00fcr organische Substanzen&#8221; tab_id=&#8221;1642602555183-a5aefbe1-58d5&#8243;][vc_column_text css=&#8221;.vc_custom_1642602926613{padding-top: 10px !important;padding-bottom: 0px !important;}&#8221;]Um die Wirkung der eingesetzten Biozide effektiv zu unterst\u00fctzen, muss in vielen F\u00e4llen biologische Dispergatoren (Dispergatoren f\u00fcr organische Stoffe) zus\u00e4tzlich eingestzt werden.[\/vc_column_text][vc_row_inner css=&#8221;.vc_custom_1524999062760{margin-top: 5px !important;margin-right: 0px !important;margin-left: 0px !important;}&#8221;][vc_column_inner width=&#8221;2\/12&#8243; css=&#8221;.vc_custom_1524998704455{padding-right: 0px !important;padding-left: 0px !important;}&#8221;][vc_single_image image=&#8221;5694&#8243; img_size=&#8221;180*160&#8243; css=&#8221;.vc_custom_1642602256571{margin-bottom: 0px !important;padding-top: 10px !important;}&#8221;][\/vc_column_inner][vc_column_inner width=&#8221;10\/12&#8243;][vc_column_text css=&#8221;.vc_custom_1642602948555{margin-bottom: 0px !important;}&#8221;]Biozide haben oft keine penetrierenden Eigenschaften. Somit agieren Biozide nur an der Oberfl\u00e4che der mikrobiologischen Bel\u00e4ge. Mit Hilfe von Bio-Dispergatoren werden die Bel\u00e4ge so weit durchdrungen, dass die eingesetzten Biozide auch in den unteren Schichten wirken k\u00f6nnen. Gleichzeitig werden eingetragene mikrobiologische oder organische Substanzen in Schwebe gehalten, sodass diese das System \u00fcber die Abflut wieder verlassen k\u00f6nnen.[\/vc_column_text][\/vc_column_inner][\/vc_row_inner][vc_empty_space][vc_row_inner css=&#8221;.vc_custom_1524999062760{margin-top: 5px !important;margin-right: 0px !important;margin-left: 0px !important;}&#8221;][vc_column_inner width=&#8221;2\/12&#8243; css=&#8221;.vc_custom_1524998704455{padding-right: 0px !important;padding-left: 0px !important;}&#8221;][vc_single_image image=&#8221;5694&#8243; img_size=&#8221;180*160&#8243; css=&#8221;.vc_custom_1642602256571{margin-bottom: 0px !important;padding-top: 10px !important;}&#8221;][\/vc_column_inner][vc_column_inner width=&#8221;10\/12&#8243;][vc_column_text css=&#8221;.vc_custom_1642602462520{margin-bottom: 0px !important;}&#8221;]<strong>Anwendungsbereiche:<\/strong><\/p>\n<ul>\n<li>Offene K\u00fchlwassersysteme<\/li>\n<li>Geschlossene K\u00fchlwassersysteme<\/li>\n<li>Halboffene K\u00fchlwassersysteme<\/li>\n<li>Fernheizsysteme<\/li>\n<li>Brauchwassersysteme<\/li>\n<\/ul>\n<p>[\/vc_column_text][\/vc_column_inner][\/vc_row_inner][\/vc_tta_section][vc_tta_section title=&#8221;Chlordioxid-Erzeugung (DiOxide)&#8221; tab_id=&#8221;1642602552105-40b1ed0e-adb6&#8243;][vc_column_text css=&#8221;.vc_custom_1642603031742{padding-top: 10px !important;padding-bottom: 0px !important;}&#8221;]Mit Innowac DiOxide steht jetzt ein sicheres und wirtschaftliches Verfahren zur Verf\u00fcgung, das zur Herstellung und Anwendung einer gebrauchsfertigen 0,3 %igen Chlordioxid-L\u00f6sung eingesetzt werden kann.<\/p>\n<p>Um das hocheffektive Biozid Chlordioxid herzustellen, nutzt Innowac DiOxide die Einsatzstoffe Schwefels\u00e4ure und Natriumhypochlorit und setzt diese durch den Zusatz des katalytischen Wirkstoffgemisch Innodox Kat in Chlordioxid um. Schwefels\u00e4ure und Natriumhypochlorit sind in vielen Betrieben schon vorhanden und werden dort bereits zur K\u00fchlwasserkonditionierung genutzt. Gleichzeitig wird der Einsatz der sonst \u00fcblichen korrosiven Salzs\u00e4ure vermieden.[\/vc_column_text][vc_empty_space][\/vc_tta_section][\/vc_tta_accordion][\/vc_column][\/vc_row][vc_row][vc_column][vc_empty_space height=&#8221;15px&#8221;][\/vc_column][\/vc_row]<\/p>\n<\/section>","protected":false},"excerpt":{"rendered":"<p>[vc_row full_width=&#8221;stretch_row&#8221; css=&#8221;.vc_custom_1642601040736{padding-top: 50px !important;padding-bottom: 0px !important;background-position: center !important;background-repeat: no-repeat !important;background-size: cover !important;}&#8221; el_class=&#8221;clearfix&#8221;][vc_column css=&#8221;.vc_custom_1525953377619{padding-right: 60px !important;}&#8221;][\/vc_column][\/vc_row][vc_row full_width=&#8221;stretch_row&#8221; css=&#8221;.vc_custom_1642577044055{padding-bottom: 0px !important;background-position: center !important;background-repeat: no-repeat !important;background-size: cover !important;}&#8221;][vc_column css=&#8221;.vc_custom_1525953377619{padding-right: 60px !important;}&#8221;][vc_column_text]Zur Behandlung von industriellen K\u00fchlwasserkreisl\u00e4ufen stehen eine Vielzahl von speziellen Behandlungskonzepten zur Verf\u00fcgung. In Zusammenarbeit mit Ihnen w\u00e4hlen wir f\u00fcr jedes System das am besten geeignete &hellip; <a href=\"https:\/\/innowac.com\/en\/solutions\/kuehlwasser\/\" class=\"more-link\">Continue reading <span class=\"screen-reader-text\">K\u00fchlwasser<\/span><\/a><\/p>\n","protected":false},"author":1,"featured_media":0,"parent":6238,"menu_order":21,"comment_status":"closed","ping_status":"closed","template":"","meta":{"footnotes":""},"class_list":["post-6257","page","type-page","status-publish","hentry"],"_links":{"self":[{"href":"https:\/\/innowac.com\/en\/wp-json\/wp\/v2\/pages\/6257","targetHints":{"allow":["GET"]}}],"collection":[{"href":"https:\/\/innowac.com\/en\/wp-json\/wp\/v2\/pages"}],"about":[{"href":"https:\/\/innowac.com\/en\/wp-json\/wp\/v2\/types\/page"}],"author":[{"embeddable":true,"href":"https:\/\/innowac.com\/en\/wp-json\/wp\/v2\/users\/1"}],"replies":[{"embeddable":true,"href":"https:\/\/innowac.com\/en\/wp-json\/wp\/v2\/comments?post=6257"}],"version-history":[{"count":2,"href":"https:\/\/innowac.com\/en\/wp-json\/wp\/v2\/pages\/6257\/revisions"}],"predecessor-version":[{"id":6259,"href":"https:\/\/innowac.com\/en\/wp-json\/wp\/v2\/pages\/6257\/revisions\/6259"}],"up":[{"embeddable":true,"href":"https:\/\/innowac.com\/en\/wp-json\/wp\/v2\/pages\/6238"}],"wp:attachment":[{"href":"https:\/\/innowac.com\/en\/wp-json\/wp\/v2\/media?parent=6257"}],"curies":[{"name":"wp","href":"https:\/\/api.w.org\/{rel}","templated":true}]}}