{"id":6260,"date":"2022-01-20T10:00:02","date_gmt":"2022-01-20T09:00:02","guid":{"rendered":"https:\/\/innowac.com\/?page_id=6260"},"modified":"2022-06-08T15:13:26","modified_gmt":"2022-06-08T13:13:26","slug":"metallerzeugung","status":"publish","type":"page","link":"https:\/\/innowac.com\/en\/solutions\/metallerzeugung\/","title":{"rendered":"Metallerzeugung"},"content":{"rendered":"<section class=\"wpb-content-wrapper\"><p>[vc_row full_width=&#8221;stretch_row&#8221; css=&#8221;.vc_custom_1642601040736{padding-top: 50px !important;padding-bottom: 0px !important;background-position: center !important;background-repeat: no-repeat !important;background-size: cover !important;}&#8221; el_class=&#8221;clearfix&#8221;][vc_column css=&#8221;.vc_custom_1525953377619{padding-right: 60px !important;}&#8221;]<h1 style=\"text-align:left;\" class=\"ts-custom-heading \" >Metall erzeugende Industrie<\/h1>\n[\/vc_column][\/vc_row][vc_row full_width=&#8221;stretch_row&#8221; css=&#8221;.vc_custom_1642577044055{padding-bottom: 0px !important;background-position: center !important;background-repeat: no-repeat !important;background-size: cover !important;}&#8221;][vc_column css=&#8221;.vc_custom_1525953377619{padding-right: 60px !important;}&#8221;][vc_column_text]In vielen Bereichen der Metall erzeugenden Industrie werden besondere Anforderungen an die K\u00fchlwasserqualit\u00e4t und an die Konditionierungsmittel gestellt. Hohe Schwebstoffgehalte, Schmier\u00f6leintrag in das K\u00fchlwasser sowie sehr hohe Wandungstemperaturen an den W\u00e4rme\u00fcbergangsfl\u00e4chen m\u00fcssen ber\u00fccksichtigt werden.<\/p>\n<p>Die Innowac hat f\u00fcr diesen Bereich besonders temperaturstabile (Wandungstemperaturen 300 \u00b0C) H\u00e4rtestabilisatoren und Dispergatoren entwickelt.<\/p>\n<p>F\u00fcr den Bereich der Hochofenk\u00fchlung, sowie der Dampferzeugung stehen arbeitssicherheits-technisch unbedenkliche und wenig umweltbelastende H\u00e4rtestabilisatoren und Sauerstoffbindemittel zur Verf\u00fcgung.<\/p>\n<p>F\u00fcr geschlossene K\u00fchlkreisl\u00e4ufe, wie z.B. bei Stranggie\u00dfanlagen, k\u00f6nnen Sie auf ein breites Spektrum von hochtemperaturstabilen Korrosionsinhibitoren und H\u00e4rtestabilisatoren f\u00fcr Stahl und Buntmetalle zur\u00fcckgreifen.<\/p>\n<p>F\u00fcr den Bereich der Venturiwaschwasserkreisl\u00e4ufe, der Blechbeizen und anderer Wasseraufbereitungssystemen bietet die Innowac eine Vielzahl von Flockungshilfsmitteln und Schwermetallflockungsmitteln an.<\/p>\n<p>Zur Verbesserung des Abscheideverhaltens von Kiesfiltern, beinhaltet unsere Produktpalette eine Anzahl von niedermolekularen kationischen Koagulationsmitteln, so dass f\u00fcr jeden spezifischen Einsatzfall ein geeignetes Produkt gefunden wird.[\/vc_column_text][\/vc_column][\/vc_row][vc_row][vc_column][vc_empty_space height=&#8221;15px&#8221;][\/vc_column][\/vc_row]<\/p>\n<\/section>","protected":false},"excerpt":{"rendered":"<p>[vc_row full_width=&#8221;stretch_row&#8221; css=&#8221;.vc_custom_1642601040736{padding-top: 50px !important;padding-bottom: 0px !important;background-position: center !important;background-repeat: no-repeat !important;background-size: cover !important;}&#8221; el_class=&#8221;clearfix&#8221;][vc_column css=&#8221;.vc_custom_1525953377619{padding-right: 60px !important;}&#8221;][\/vc_column][\/vc_row][vc_row full_width=&#8221;stretch_row&#8221; css=&#8221;.vc_custom_1642577044055{padding-bottom: 0px !important;background-position: center !important;background-repeat: no-repeat !important;background-size: cover !important;}&#8221;][vc_column css=&#8221;.vc_custom_1525953377619{padding-right: 60px !important;}&#8221;][vc_column_text]In vielen Bereichen der Metall erzeugenden Industrie werden besondere Anforderungen an die K\u00fchlwasserqualit\u00e4t und an die Konditionierungsmittel gestellt. Hohe Schwebstoffgehalte, Schmier\u00f6leintrag in das K\u00fchlwasser sowie sehr &hellip; <a href=\"https:\/\/innowac.com\/en\/solutions\/metallerzeugung\/\" class=\"more-link\">Continue reading <span class=\"screen-reader-text\">Metallerzeugung<\/span><\/a><\/p>\n","protected":false},"author":1,"featured_media":0,"parent":6238,"menu_order":21,"comment_status":"closed","ping_status":"closed","template":"","meta":{"footnotes":""},"class_list":["post-6260","page","type-page","status-publish","hentry"],"_links":{"self":[{"href":"https:\/\/innowac.com\/en\/wp-json\/wp\/v2\/pages\/6260","targetHints":{"allow":["GET"]}}],"collection":[{"href":"https:\/\/innowac.com\/en\/wp-json\/wp\/v2\/pages"}],"about":[{"href":"https:\/\/innowac.com\/en\/wp-json\/wp\/v2\/types\/page"}],"author":[{"embeddable":true,"href":"https:\/\/innowac.com\/en\/wp-json\/wp\/v2\/users\/1"}],"replies":[{"embeddable":true,"href":"https:\/\/innowac.com\/en\/wp-json\/wp\/v2\/comments?post=6260"}],"version-history":[{"count":2,"href":"https:\/\/innowac.com\/en\/wp-json\/wp\/v2\/pages\/6260\/revisions"}],"predecessor-version":[{"id":6262,"href":"https:\/\/innowac.com\/en\/wp-json\/wp\/v2\/pages\/6260\/revisions\/6262"}],"up":[{"embeddable":true,"href":"https:\/\/innowac.com\/en\/wp-json\/wp\/v2\/pages\/6238"}],"wp:attachment":[{"href":"https:\/\/innowac.com\/en\/wp-json\/wp\/v2\/media?parent=6260"}],"curies":[{"name":"wp","href":"https:\/\/api.w.org\/{rel}","templated":true}]}}