{"id":6263,"date":"2022-01-20T10:04:27","date_gmt":"2022-01-20T09:04:27","guid":{"rendered":"https:\/\/innowac.com\/?page_id=6263"},"modified":"2022-06-08T15:14:08","modified_gmt":"2022-06-08T13:14:08","slug":"staubbekaempfung","status":"publish","type":"page","link":"https:\/\/innowac.com\/en\/solutions\/staubbekaempfung\/","title":{"rendered":"Staubbek\u00e4mpfung"},"content":{"rendered":"<section class=\"wpb-content-wrapper\"><p>[vc_row full_width=&#8221;stretch_row&#8221; css=&#8221;.vc_custom_1642601040736{padding-top: 50px !important;padding-bottom: 0px !important;background-position: center !important;background-repeat: no-repeat !important;background-size: cover !important;}&#8221; el_class=&#8221;clearfix&#8221;][vc_column css=&#8221;.vc_custom_1525953377619{padding-right: 60px !important;}&#8221;]<h1 style=\"text-align:left;\" class=\"ts-custom-heading \" >Staubbek\u00e4mpfung bei Halden und Fl\u00e4chen<\/h1>\n[\/vc_column][\/vc_row][vc_row full_width=&#8221;stretch_row&#8221; css=&#8221;.vc_custom_1642577044055{padding-bottom: 0px !important;background-position: center !important;background-repeat: no-repeat !important;background-size: cover !important;}&#8221;][vc_column css=&#8221;.vc_custom_1525953377619{padding-right: 60px !important;}&#8221;][vc_column_text]In vielen Bereichen und Industrien f\u00fchrt Staub zu hohen Belastungen f\u00fcr Mensch und Technik. Die Reduzierung von Staubemissionen ist zum Schutz von Gesundheit und Umwelt ebenso notwendig wie aus Gr\u00fcnden der Sicherheit und Wirtschaftlichkeit. Unternehmen aus den Bereichen Umschlag, Lagerung und Transport von Masseng\u00fctern sowie Deponierung von R\u00fcckst\u00e4nden aus dem Kraftwerksbereich sind gezwungen, etwas gegen Staub- und Geruchsemissionen zu tun. Daf\u00fcr hat Innowac wirksame Staubbinde- und Fl\u00e4chenversiegelungsmittel zur Staubbek\u00e4mpfung f\u00fcr viele Anwendungsgebiete entwickelt. So werden Feinst\u00e4ube auf Fl\u00e4chen und Halden sicher gebunden sowie Staubemissionen, Abtrag und Erosionen verhindert.<\/p>\n<p>Spezielle Produkte werden zur effektiven Staubbindung beim Transport oder der Umschlagung von Sch\u00fcttg\u00fctern an \u00dcbergabestellen von Transportb\u00e4ndern eingesetzt. Kombinationsprodukte zur Bek\u00e4mpfung von Staub- und Geruchsemissionen finden zudem effektiven Einsatz auf Deponien und Lagerpl\u00e4tzen.<\/p>\n<p>Zur Produktpalette geh\u00f6ren auch Antifrostmittel, die Sch\u00fcttg\u00fcter wie Kohle, Erze, Sand oder Koks sicher vor dem Zusammenbacken im Winter sch\u00fctzen.[\/vc_column_text][\/vc_column][\/vc_row][vc_row full_width=&#8221;stretch_row&#8221; css=&#8221;.vc_custom_1642676517598{padding-top: 20px !important;padding-bottom: 0px !important;}&#8221;][vc_column][vc_tta_accordion style=&#8221;outline&#8221; c_icon=&#8221;chevron&#8221; c_position=&#8221;right&#8221; active_section=&#8221;1&#8243;][vc_tta_section title=&#8221;Staubbek\u00e4mpfung\/Geruchsbek\u00e4mpfung&#8221; tab_id=&#8221;1642602552105-40b1ed0e-adb6&#8243;][vc_column_text css=&#8221;.vc_custom_1642676423754{padding-top: 10px !important;padding-bottom: 0px !important;}&#8221;]Die Aufbringung erfolgt als w\u00e4ssrige Emulsion auf die zu behandelnden Oberfl\u00e4chen. Durch das einfach anzuwendende Versiegelungsmittel verkleben die Feinst\u00e4ube am Grobkorn und agglomerieren untereinander. Unmittelbar nach dem Abbinden entsteht eine verfestigte, elastische Kruste von einigen Millimetern bis wenigen Zentimetern Dicke. Die Wirkungsdauer betr\u00e4gt je nach Staubbelastung einige Monate oder bis zu mehr als einem Jahr. Die Anwendungskonzentration ist sehr gering und wird problemspezifisch vor Ort abgestimmt.<\/p>\n<p><strong>Produkte<\/strong><\/p>\n<ul>\n<li>Halden- und Fl\u00e4chenversiegelung<\/li>\n<li>Staubbindung am F\u00f6rderband und an \u00dcbergabestellen<\/li>\n<li>Frostschutz\/Antifrost<\/li>\n<\/ul>\n<p>[\/vc_column_text][\/vc_tta_section][\/vc_tta_accordion][\/vc_column][\/vc_row][vc_row][vc_column][vc_column_text]<a href=\"https:\/\/innowac.envirochemie.com\/?page_id=3935\">Fordern Sie unsere Brosch\u00fcre &#8220;Innovative Staubbek\u00e4mpfung&#8221; an.<\/a>[\/vc_column_text][\/vc_column][\/vc_row]<\/p>\n<\/section>","protected":false},"excerpt":{"rendered":"<p>[vc_row full_width=&#8221;stretch_row&#8221; css=&#8221;.vc_custom_1642601040736{padding-top: 50px !important;padding-bottom: 0px !important;background-position: center !important;background-repeat: no-repeat !important;background-size: cover !important;}&#8221; el_class=&#8221;clearfix&#8221;][vc_column css=&#8221;.vc_custom_1525953377619{padding-right: 60px !important;}&#8221;][\/vc_column][\/vc_row][vc_row full_width=&#8221;stretch_row&#8221; css=&#8221;.vc_custom_1642577044055{padding-bottom: 0px !important;background-position: center !important;background-repeat: no-repeat !important;background-size: cover !important;}&#8221;][vc_column css=&#8221;.vc_custom_1525953377619{padding-right: 60px !important;}&#8221;][vc_column_text]In vielen Bereichen und Industrien f\u00fchrt Staub zu hohen Belastungen f\u00fcr Mensch und Technik. Die Reduzierung von Staubemissionen ist zum Schutz von Gesundheit und Umwelt ebenso &hellip; <a href=\"https:\/\/innowac.com\/en\/solutions\/staubbekaempfung\/\" class=\"more-link\">Continue reading <span class=\"screen-reader-text\">Staubbek\u00e4mpfung<\/span><\/a><\/p>\n","protected":false},"author":1,"featured_media":0,"parent":6238,"menu_order":21,"comment_status":"closed","ping_status":"closed","template":"","meta":{"footnotes":""},"class_list":["post-6263","page","type-page","status-publish","hentry"],"_links":{"self":[{"href":"https:\/\/innowac.com\/en\/wp-json\/wp\/v2\/pages\/6263","targetHints":{"allow":["GET"]}}],"collection":[{"href":"https:\/\/innowac.com\/en\/wp-json\/wp\/v2\/pages"}],"about":[{"href":"https:\/\/innowac.com\/en\/wp-json\/wp\/v2\/types\/page"}],"author":[{"embeddable":true,"href":"https:\/\/innowac.com\/en\/wp-json\/wp\/v2\/users\/1"}],"replies":[{"embeddable":true,"href":"https:\/\/innowac.com\/en\/wp-json\/wp\/v2\/comments?post=6263"}],"version-history":[{"count":2,"href":"https:\/\/innowac.com\/en\/wp-json\/wp\/v2\/pages\/6263\/revisions"}],"predecessor-version":[{"id":6265,"href":"https:\/\/innowac.com\/en\/wp-json\/wp\/v2\/pages\/6263\/revisions\/6265"}],"up":[{"embeddable":true,"href":"https:\/\/innowac.com\/en\/wp-json\/wp\/v2\/pages\/6238"}],"wp:attachment":[{"href":"https:\/\/innowac.com\/en\/wp-json\/wp\/v2\/media?parent=6263"}],"curies":[{"name":"wp","href":"https:\/\/api.w.org\/{rel}","templated":true}]}}