{"id":6266,"date":"2022-01-20T10:07:39","date_gmt":"2022-01-20T09:07:39","guid":{"rendered":"https:\/\/innowac.com\/?page_id=6266"},"modified":"2022-06-08T15:14:36","modified_gmt":"2022-06-08T13:14:36","slug":"turbinenreinigung","status":"publish","type":"page","link":"https:\/\/innowac.com\/en\/solutions\/turbinenreinigung\/","title":{"rendered":"Turbinenreinigung"},"content":{"rendered":"<section class=\"wpb-content-wrapper\"><p>[vc_row full_width=&#8221;stretch_row&#8221; css=&#8221;.vc_custom_1642601040736{padding-top: 50px !important;padding-bottom: 0px !important;background-position: center !important;background-repeat: no-repeat !important;background-size: cover !important;}&#8221; el_class=&#8221;clearfix&#8221;][vc_column css=&#8221;.vc_custom_1525953377619{padding-right: 60px !important;}&#8221;]<h1 style=\"text-align:left;\" class=\"ts-custom-heading \" >Gasturbinenreinigung<\/h1>\n[\/vc_column][\/vc_row][vc_row full_width=&#8221;stretch_row&#8221; css=&#8221;.vc_custom_1642577044055{padding-bottom: 0px !important;background-position: center !important;background-repeat: no-repeat !important;background-size: cover !important;}&#8221;][vc_column css=&#8221;.vc_custom_1525953377619{padding-right: 60px !important;}&#8221;][vc_column_text]Das Ablagerungsproblem kann durch Gasturbinenreinigung an den Kompressorenschaufeln von Gasturbinen durch online- oder offline- Einsatz unserer Gasturbinenreiniger gel\u00f6st und beseitigt werden. Diese Spezialprodukte haben Zulassungen vieler namhafter Turbinenproduzenten und unabh\u00e4ngiger, kompetenter Pr\u00fcfungsgesellschaften. Durch den Einsatz dieser Reinigungschemikalien wird der Output der behandelten Gasturbine deutlich gesteigert.<\/p>\n<p>Der Erfolg und die Effizienz einer Gasturbinenreinigung h\u00e4ngt jedoch, neben dem Einsatz von effektiven Reinigungschemikalien, von der Art und Leistungsf\u00e4higkeit der Waschanlage ab. Mit der Innowac steht Ihnen das GTE-Waschsystem zur Verf\u00fcgung. Dieses System verd\u00fcst die Waschl\u00f6sung mit einem Druck von \u223c80 bar. Hierdurch wird ein isokinetischer Waschnebel erzeugt, der gew\u00e4hrleistet, dass der gesamte Bereich der Turbine\/ des Kompressors vollst\u00e4ndig und gleichm\u00e4\u00dfig mit der Waschl\u00f6sung benetzt wird. Nur so ist eine effektive Reinigung erzielbar.[\/vc_column_text][\/vc_column][\/vc_row][vc_row full_width=&#8221;stretch_row&#8221; css=&#8221;.vc_custom_1528110103945{padding-top: 20px !important;padding-bottom: 30px !important;}&#8221;][vc_column][vc_tta_accordion style=&#8221;outline&#8221; c_icon=&#8221;chevron&#8221; c_position=&#8221;right&#8221; active_section=&#8221;1&#8243;][vc_tta_section title=&#8221;Chlordioxid-Erzeugung (DiOxide)&#8221; tab_id=&#8221;1642602552105-40b1ed0e-adb6&#8243;][vc_column_text css=&#8221;.vc_custom_1642676806266{padding-top: 10px !important;padding-bottom: 0px !important;}&#8221;]Optimierung der Gasturbinenleistung durch Einsatz von umweltfreundlichen, hocheffizienten Waschchemikalien und eines Hochdruckwaschsystems.<\/p>\n<p><strong>Durch Fouling in der Turbine kommt es zu folgenden Auswirkungen:<\/strong><\/p>\n<ul>\n<li>Geringe Energieausbeute<\/li>\n<li>reduzierte Wirtschaftlichkeit<\/li>\n<li>zunehmende Brennstoffkosten<\/li>\n<li>erh\u00f6hte Reparaturma\u00dfnahmen \/ Reparaturkosten<\/li>\n<li>geringe Lebenserwartung der Gasturbinenanlage<\/li>\n<\/ul>\n<p>Zur schnellen Wiederherstellung der Leistung und zur Beseitigung der o.g. Auswirkungen stehen Ihnen geeignete Waschchemikalien f\u00fcr Gasturbinen zur Verf\u00fcgung. Diese Waschchemikalien besitzen die Zulassung fast aller namhaften Gasturbinenhersteller. Gleichzeitig wurde ein besonderes Augenmerk auf die Gesundheits- und Umweltvertr\u00e4glichkeit der Produkte gelegt.<\/p>\n<p><strong>Einsatzgebiete:<\/strong><\/p>\n<ul>\n<li>online Reinigung \/ W\u00e4sche von Gasturbinen<\/li>\n<li>offline Reinigung \/ W\u00e4sche von Gasturbinen<\/li>\n<\/ul>\n<p>[\/vc_column_text][\/vc_tta_section][\/vc_tta_accordion][\/vc_column][\/vc_row][vc_row][vc_column][vc_empty_space height=&#8221;15px&#8221;][\/vc_column][\/vc_row]<\/p>\n<\/section>","protected":false},"excerpt":{"rendered":"<p>[vc_row full_width=&#8221;stretch_row&#8221; css=&#8221;.vc_custom_1642601040736{padding-top: 50px !important;padding-bottom: 0px !important;background-position: center !important;background-repeat: no-repeat !important;background-size: cover !important;}&#8221; el_class=&#8221;clearfix&#8221;][vc_column css=&#8221;.vc_custom_1525953377619{padding-right: 60px !important;}&#8221;][\/vc_column][\/vc_row][vc_row full_width=&#8221;stretch_row&#8221; css=&#8221;.vc_custom_1642577044055{padding-bottom: 0px !important;background-position: center !important;background-repeat: no-repeat !important;background-size: cover !important;}&#8221;][vc_column css=&#8221;.vc_custom_1525953377619{padding-right: 60px !important;}&#8221;][vc_column_text]Das Ablagerungsproblem kann durch Gasturbinenreinigung an den Kompressorenschaufeln von Gasturbinen durch online- oder offline- Einsatz unserer Gasturbinenreiniger gel\u00f6st und beseitigt werden. Diese Spezialprodukte haben Zulassungen vieler &hellip; <a href=\"https:\/\/innowac.com\/en\/solutions\/turbinenreinigung\/\" class=\"more-link\">Continue reading <span class=\"screen-reader-text\">Turbinenreinigung<\/span><\/a><\/p>\n","protected":false},"author":1,"featured_media":0,"parent":6238,"menu_order":21,"comment_status":"closed","ping_status":"closed","template":"","meta":{"footnotes":""},"class_list":["post-6266","page","type-page","status-publish","hentry"],"_links":{"self":[{"href":"https:\/\/innowac.com\/en\/wp-json\/wp\/v2\/pages\/6266","targetHints":{"allow":["GET"]}}],"collection":[{"href":"https:\/\/innowac.com\/en\/wp-json\/wp\/v2\/pages"}],"about":[{"href":"https:\/\/innowac.com\/en\/wp-json\/wp\/v2\/types\/page"}],"author":[{"embeddable":true,"href":"https:\/\/innowac.com\/en\/wp-json\/wp\/v2\/users\/1"}],"replies":[{"embeddable":true,"href":"https:\/\/innowac.com\/en\/wp-json\/wp\/v2\/comments?post=6266"}],"version-history":[{"count":2,"href":"https:\/\/innowac.com\/en\/wp-json\/wp\/v2\/pages\/6266\/revisions"}],"predecessor-version":[{"id":6268,"href":"https:\/\/innowac.com\/en\/wp-json\/wp\/v2\/pages\/6266\/revisions\/6268"}],"up":[{"embeddable":true,"href":"https:\/\/innowac.com\/en\/wp-json\/wp\/v2\/pages\/6238"}],"wp:attachment":[{"href":"https:\/\/innowac.com\/en\/wp-json\/wp\/v2\/media?parent=6266"}],"curies":[{"name":"wp","href":"https:\/\/api.w.org\/{rel}","templated":true}]}}